{"id":6255,"date":"2018-04-26T18:33:57","date_gmt":"2018-04-26T18:33:57","guid":{"rendered":"https:\/\/rubenagredanomd.com\/?page_id=6255"},"modified":"2021-04-11T19:09:21","modified_gmt":"2021-04-12T00:09:21","slug":"breast-augmentation-2","status":"publish","type":"page","link":"https:\/\/rubenagredanomd.com\/en\/body-surgery\/breast-augmentation-2\/","title":{"rendered":"BREAST AUGMENTATION"},"content":{"rendered":"<section class=\"l-section wpb_row us_custom_7d5e32d4 height_auto\"><div class=\"l-section-h i-cf\"><div class=\"g-cols vc_row via_flex valign_top type_default stacking_default\"><div class=\"vc_col-sm-12 wpb_column vc_column_container\"><div class=\"vc_column-inner\"><div class=\"wpb_wrapper\">[rev_slider_vc alias=&#8221;aumento-mamario-ingles&#8221;]<\/div><\/div><\/div><\/div><\/div><\/section><section class=\"l-section wpb_row us_custom_d1d0f8a5 height_small width_full color_primary\"><div class=\"l-section-overlay\" style=\"background:#8b2668\"><\/div><div class=\"l-section-h i-cf\"><div class=\"g-cols vc_row via_flex valign_top type_default stacking_default\"><div class=\"vc_col-sm-12 wpb_column vc_column_container\"><div class=\"vc_column-inner\"><div class=\"wpb_wrapper\"><\/div><\/div><\/div><\/div><\/div><\/section><section class=\"l-section wpb_row height_medium\"><div class=\"l-section-overlay\" style=\"background:#f4f6ff\"><\/div><div class=\"l-section-h i-cf\"><div class=\"g-cols vc_row via_flex valign_top type_default stacking_default\"><div class=\"vc_col-sm-3 wpb_column vc_column_container\"><div class=\"vc_column-inner us_custom_37a7ad5d\"><div class=\"wpb_wrapper\">[vc_custom_heading text=&#8221;Breast Procedures&#8221; font_container=&#8221;tag:h4|text_align:left|color:%236a589b&#8221; google_fonts=&#8221;font_family:Open%20Sans%3A300%2C300italic%2Cregular%2Citalic%2C600%2C600italic%2C700%2C700italic%2C800%2C800italic|font_style:400%20regular%3A400%3Anormal&#8221; css=&#8221;%7B%22default%22%3A%7B%22color%22%3A%22%236a589b%22%7D%7D&#8221;]<div class=\"w-btn-wrapper align_none\"><a class=\"w-btn us-btn-style_2 us_custom_80a192e9\" href=\"http:\/\/rubenagredanomd.com\/en\/facial-surgery-ffs\/breast-augmentation\/\"><span class=\"w-btn-label\">Breast augmentation<\/span><\/a><\/div><div class=\"w-btn-wrapper align_none\"><a class=\"w-btn us-btn-style_2 us_custom_80a192e9\" href=\"http:\/\/rubenagredanomd.com\/en\/breast-lift\/\"><span class=\"w-btn-label\">Breast lift<\/span><\/a><\/div><div class=\"w-btn-wrapper align_none\"><a class=\"w-btn us-btn-style_2 us_custom_80a192e9\" href=\"http:\/\/rubenagredanomd.com\/en\/breast-reduction\/\"><span class=\"w-btn-label\">Breast reduction<\/span><\/a><\/div><div class=\"w-btn-wrapper align_none\"><a class=\"w-btn us-btn-style_2 us_custom_80a192e9\" href=\"http:\/\/rubenagredanomd.com\/en\/nipple-surgery\/\"><span class=\"w-btn-label\">Nipple surgery<\/span><\/a><\/div><div class=\"w-btn-wrapper align_none\"><a class=\"w-btn us-btn-style_2 us_custom_80a192e9\" href=\"http:\/\/rubenagredanomd.com\/en\/gynecomastia\/\"><span class=\"w-btn-label\">Gynecomastia<\/span><\/a><\/div><div class=\"w-separator size_custom\" style=\"height:50px\"><\/div>[vc_custom_heading text=&#8221;Make an appointment&#8221; font_container=&#8221;tag:h4|text_align:left|color:%236a589b&#8221; google_fonts=&#8221;font_family:Open%20Sans%3A300%2C300italic%2Cregular%2Citalic%2C600%2C600italic%2C700%2C700italic%2C800%2C800italic|font_style:400%20regular%3A400%3Anormal&#8221; css=&#8221;%7B%22default%22%3A%7B%22color%22%3A%22%236a589b%22%7D%7D&#8221;]\n<div class=\"wpcf7 no-js\" id=\"wpcf7-f358-o1\" lang=\"es-ES\" dir=\"ltr\" data-wpcf7-id=\"358\">\n<div class=\"screen-reader-response\"><p role=\"status\" aria-live=\"polite\" aria-atomic=\"true\"><\/p> <ul><\/ul><\/div>\n<form action=\"\/en\/wp-json\/wp\/v2\/pages\/6255#wpcf7-f358-o1\" method=\"post\" class=\"wpcf7-form init\" aria-label=\"Formulario de contacto\" novalidate=\"novalidate\" data-status=\"init\">\n<fieldset class=\"hidden-fields-container\"><input type=\"hidden\" name=\"_wpcf7\" value=\"358\" \/><input type=\"hidden\" name=\"_wpcf7_version\" value=\"6.1.5\" \/><input type=\"hidden\" name=\"_wpcf7_locale\" value=\"es_ES\" \/><input type=\"hidden\" name=\"_wpcf7_unit_tag\" value=\"wpcf7-f358-o1\" \/><input type=\"hidden\" name=\"_wpcf7_container_post\" value=\"0\" \/><input type=\"hidden\" name=\"_wpcf7_posted_data_hash\" value=\"\" \/><input type=\"hidden\" name=\"_wpcf7_recaptcha_response\" value=\"\" \/>\n<\/fieldset>\n<p><label> Nombre*<br \/>\n<span class=\"wpcf7-form-control-wrap\" data-name=\"your-name\"><input size=\"40\" maxlength=\"400\" class=\"wpcf7-form-control wpcf7-text wpcf7-validates-as-required\" aria-required=\"true\" aria-invalid=\"false\" value=\"\" type=\"text\" name=\"your-name\" \/><\/span> <\/label>\n<\/p>\n<p><label> Tu correo electr\u00f3nico*<br \/>\n<span class=\"wpcf7-form-control-wrap\" data-name=\"your-email\"><input size=\"40\" maxlength=\"400\" class=\"wpcf7-form-control wpcf7-email wpcf7-validates-as-required wpcf7-text wpcf7-validates-as-email\" aria-required=\"true\" aria-invalid=\"false\" value=\"\" type=\"email\" name=\"your-email\" \/><\/span> <\/label>\n<\/p>\n<p><label> Tu Celular o Whatsapp*<br \/>\n<span class=\"wpcf7-form-control-wrap\" data-name=\"tel-898\"><input size=\"40\" maxlength=\"400\" class=\"wpcf7-form-control wpcf7-tel wpcf7-validates-as-required wpcf7-text wpcf7-validates-as-tel\" aria-required=\"true\" aria-invalid=\"false\" value=\"\" type=\"tel\" name=\"tel-898\" \/><\/span><\/label>\n<\/p>\n<p><label> Asunto<br \/>\n<span class=\"wpcf7-form-control-wrap\" data-name=\"your-subject\"><input size=\"40\" maxlength=\"400\" class=\"wpcf7-form-control wpcf7-text\" aria-invalid=\"false\" value=\"\" type=\"text\" name=\"your-subject\" \/><\/span> <\/label>\n<\/p>\n<p><label> Describe lo que est\u00e1s buscando<br \/>\n<span class=\"wpcf7-form-control-wrap\" data-name=\"your-message\"><textarea cols=\"40\" rows=\"10\" maxlength=\"2000\" class=\"wpcf7-form-control wpcf7-textarea\" aria-invalid=\"false\" name=\"your-message\"><\/textarea><\/span> <\/label>\n<\/p>\n<p><label> Fecha tentativa de tu cirug\u00eda: <\/label>\n<\/p>\n<p><span class=\"wpcf7-form-control-wrap\" data-name=\"Fechatentativadetuciruga\"><span class=\"wpcf7-form-control wpcf7-radio\"><span class=\"wpcf7-list-item first\"><input type=\"radio\" name=\"Fechatentativadetuciruga\" value=\"1 mes\" checked=\"checked\" \/><span class=\"wpcf7-list-item-label\">1 mes<\/span><\/span><span class=\"wpcf7-list-item\"><input type=\"radio\" name=\"Fechatentativadetuciruga\" value=\"2 a 6 meses\" \/><span class=\"wpcf7-list-item-label\">2 a 6 meses<\/span><\/span><span class=\"wpcf7-list-item last\"><input type=\"radio\" name=\"Fechatentativadetuciruga\" value=\"6 meses a 1 a\u00f1o\" \/><span class=\"wpcf7-list-item-label\">6 meses a 1 a\u00f1o<\/span><\/span><\/span><\/span>\n<\/p>\n<p><input class=\"wpcf7-form-control wpcf7-submit has-spinner\" type=\"submit\" value=\"Enviar\" \/>\n<\/p>\n<p><label> *Campos requeridos <\/label>\n<\/p><div class=\"wpcf7-response-output\" aria-hidden=\"true\"><\/div>\n<\/form>\n<\/div>\n<\/div><\/div><\/div><div class=\"vc_col-sm-9 wpb_column vc_column_container\"><div class=\"vc_column-inner\"><div class=\"wpb_wrapper\"><div class=\"wpb_text_column\"><div class=\"wpb_wrapper\"><p style=\"text-align: justify;\">BREAST AUGMENTATION is a surgical procedure intended to increase breasts size, improving their volume, projection and contour. \u00a0Silicone-based breast implants are more commonly used for this purpose; occasionally fat infiltration helps to define breast shape and size.\u00a0 This is one of the most popular procedures in plastic surgery worldwide.<\/p>\n<\/div><\/div><div class=\"w-separator us_custom_f76ca0a6 has_text_color size_medium with_line width_default thick_1 style_solid color_border align_center\"><div class=\"w-separator-h\"><\/div><\/div><div class=\"w-iconbox iconpos_left style_default color_primary align_left no_title icontype_img\"><div class=\"w-iconbox-icon\" style=\"font-size:150px;\"><img decoding=\"async\" width=\"200\" height=\"200\" src=\"https:\/\/rubenagredanomd.com\/wp-content\/uploads\/2018\/05\/logo.png\" class=\"attachment-full size-full\" alt=\"\" srcset=\"https:\/\/rubenagredanomd.com\/wp-content\/uploads\/2018\/05\/logo.png 200w, https:\/\/rubenagredanomd.com\/wp-content\/uploads\/2018\/05\/logo-150x150.png 150w\" sizes=\"(max-width: 200px) 100vw, 200px\" \/><\/div><div class=\"w-iconbox-meta\"><div class=\"w-iconbox-text\"><p><!-- ####### YAY, I AM THE SOURCE EDITOR! #########--><\/p>\n<ul style=\"text-align: justify;\">\n<li>Volume loss after pregnancies and lactation is restored.<\/li>\n<li>Shape and contour alterations due to important weight changes and aging are remarkably improved.<\/li>\n<li>Asymmetries can be corrected.<\/li>\n<li>Provides<\/li>\n<\/ul>\n<\/div><\/div><\/div><div class=\"w-separator us_custom_f76ca0a6 has_text_color size_medium with_line width_default thick_1 style_solid color_border align_center\"><div class=\"w-separator-h\"><\/div><\/div><div class=\"w-iconbox iconpos_left style_default color_primary align_left no_title icontype_img\"><div class=\"w-iconbox-icon\" style=\"font-size:150px;\"><img decoding=\"async\" width=\"200\" height=\"200\" src=\"https:\/\/rubenagredanomd.com\/wp-content\/uploads\/2018\/05\/2.png\" class=\"attachment-full size-full\" alt=\"\" srcset=\"https:\/\/rubenagredanomd.com\/wp-content\/uploads\/2018\/05\/2.png 200w, https:\/\/rubenagredanomd.com\/wp-content\/uploads\/2018\/05\/2-150x150.png 150w\" sizes=\"(max-width: 200px) 100vw, 200px\" \/><\/div><div class=\"w-iconbox-meta\"><div class=\"w-iconbox-text\"><p><!-- ####### YAY, I AM THE SOURCE EDITOR! #########--><\/p>\n<ul style=\"text-align: justify;\">\n<li>It is an ambulatory surgery, done under sedation and local anesthesia.<\/li>\n<li>It lasts 1.5 &#8211; 2 h aprox.<\/li>\n<li>Incisions are made in the armpit, surrounding the areola and along the inframammary fold.<\/li>\n<li>All implants are manufactured with the strictest quality control by their corresponding brand which provides the warranty certificate.<\/li>\n<\/ul>\n<\/div><\/div><\/div><div class=\"w-separator us_custom_f76ca0a6 has_text_color size_medium with_line width_default thick_1 style_solid color_border align_center\"><div class=\"w-separator-h\"><\/div><\/div><div class=\"w-iconbox iconpos_left style_default color_primary align_left no_title icontype_img\"><div class=\"w-iconbox-icon\" style=\"font-size:150px;\"><img decoding=\"async\" width=\"200\" height=\"200\" src=\"https:\/\/rubenagredanomd.com\/wp-content\/uploads\/2018\/05\/3.png\" class=\"attachment-full size-full\" alt=\"\" srcset=\"https:\/\/rubenagredanomd.com\/wp-content\/uploads\/2018\/05\/3.png 200w, https:\/\/rubenagredanomd.com\/wp-content\/uploads\/2018\/05\/3-150x150.png 150w\" sizes=\"(max-width: 200px) 100vw, 200px\" \/><\/div><div class=\"w-iconbox-meta\"><div class=\"w-iconbox-text\"><p><!-- ####### YAY, I AM THE SOURCE EDITOR! #########--><\/p>\n<ul style=\"text-align: justify;\">\n<li>Work \/ school activities can be resumed in 5 &#8211; 7 days.<\/li>\n<li>You may restart physical activity in 4 \u2013 6 weeks.<\/li>\n<li>Definitive results can be appreciated between 2 \u2013 3 months.<\/li>\n<\/ul>\n<\/div><\/div><\/div><\/div><\/div><\/div><\/div><\/div><\/section><section class=\"l-section wpb_row height_medium\"><div class=\"l-section-overlay\" style=\"background:#8b2668\"><\/div><div class=\"l-section-h i-cf\"><div class=\"g-cols vc_row via_flex valign_top type_default stacking_default\"><div class=\"vc_col-sm-12 wpb_column vc_column_container\"><div class=\"vc_column-inner\"><div class=\"wpb_wrapper\"><div class=\"wpb_text_column\"><div class=\"wpb_wrapper\"><h3 style=\"text-align: center;\"><span style=\"color: #ffffff;\">WANT A NEW PAIR \u2026 ! WE ARE AT YOUR SERVICE \u2026 ! BOOK YOUR APPOINTMENT \u2026 !<\/span><\/h3>\n<\/div><\/div><\/div><\/div><\/div><\/div><\/div><\/section><section class=\"l-section wpb_row height_medium\"><div class=\"l-section-overlay\" style=\"background:#d3d3d3\"><\/div><div class=\"l-section-h i-cf\"><div class=\"g-cols vc_row via_flex valign_top type_default stacking_default\"><div class=\"vc_col-sm-12 wpb_column vc_column_container\"><div class=\"vc_column-inner\"><div class=\"wpb_wrapper\">[vc_custom_heading text=&#8221;Pacientes Antes y Despu\u00e9s&#8221; font_container=&#8221;tag:h4|text_align:left|color:%23ffffff&#8221; google_fonts=&#8221;font_family:Open%20Sans%3A300%2C300italic%2Cregular%2Citalic%2C600%2C600italic%2C700%2C700italic%2C800%2C800italic|font_style:400%20regular%3A400%3Anormal&#8221; css=&#8221;%7B%22default%22%3A%7B%22color%22%3A%22%23ffffff%22%7D%7D&#8221;]<div class=\"g-cols wpb_row via_flex valign_top type_default stacking_default\"><div class=\"vc_col-sm-3 wpb_column vc_column_container\"><div class=\"vc_column-inner\"><div class=\"wpb_wrapper\"><div class=\"w-image style_outlined align_none\"><div class=\"w-image-h\"><img decoding=\"async\" width=\"1024\" height=\"546\" src=\"https:\/\/rubenagredanomd.com\/wp-content\/uploads\/2017\/10\/Caso-7-1024x546.jpg\" class=\"attachment-large size-large\" alt=\"\" loading=\"lazy\" srcset=\"https:\/\/rubenagredanomd.com\/wp-content\/uploads\/2017\/10\/Caso-7-1024x546.jpg 1024w, https:\/\/rubenagredanomd.com\/wp-content\/uploads\/2017\/10\/Caso-7-300x160.jpg 300w, https:\/\/rubenagredanomd.com\/wp-content\/uploads\/2017\/10\/Caso-7-768x410.jpg 768w, https:\/\/rubenagredanomd.com\/wp-content\/uploads\/2017\/10\/Caso-7.jpg 1087w\" sizes=\"auto, (max-width: 1024px) 100vw, 1024px\" \/><\/div><\/div><\/div><\/div><\/div><div class=\"vc_col-sm-3 wpb_column vc_column_container\"><div class=\"vc_column-inner\"><div class=\"wpb_wrapper\"><div class=\"w-image align_none\"><div class=\"w-image-h\"><img decoding=\"async\" width=\"1024\" height=\"545\" src=\"https:\/\/rubenagredanomd.com\/wp-content\/uploads\/2017\/10\/Caso-4-1024x545.jpg\" class=\"attachment-large size-large\" alt=\"\" loading=\"lazy\" srcset=\"https:\/\/rubenagredanomd.com\/wp-content\/uploads\/2017\/10\/Caso-4-1024x545.jpg 1024w, https:\/\/rubenagredanomd.com\/wp-content\/uploads\/2017\/10\/Caso-4-300x160.jpg 300w, https:\/\/rubenagredanomd.com\/wp-content\/uploads\/2017\/10\/Caso-4-768x408.jpg 768w, https:\/\/rubenagredanomd.com\/wp-content\/uploads\/2017\/10\/Caso-4.jpg 1087w\" sizes=\"auto, (max-width: 1024px) 100vw, 1024px\" \/><\/div><\/div><\/div><\/div><\/div><div class=\"vc_col-sm-3 wpb_column vc_column_container\"><div class=\"vc_column-inner\"><div class=\"wpb_wrapper\"><div class=\"w-image align_none\"><div class=\"w-image-h\"><img decoding=\"async\" width=\"768\" height=\"398\" src=\"https:\/\/rubenagredanomd.com\/wp-content\/uploads\/2017\/10\/Caso-3.jpg\" class=\"attachment-large size-large\" alt=\"\" loading=\"lazy\" srcset=\"https:\/\/rubenagredanomd.com\/wp-content\/uploads\/2017\/10\/Caso-3.jpg 768w, https:\/\/rubenagredanomd.com\/wp-content\/uploads\/2017\/10\/Caso-3-300x155.jpg 300w\" sizes=\"auto, (max-width: 768px) 100vw, 768px\" \/><\/div><\/div><\/div><\/div><\/div><div class=\"vc_col-sm-3 wpb_column vc_column_container\"><div class=\"vc_column-inner\"><div class=\"wpb_wrapper\"><div class=\"w-image align_none\"><div class=\"w-image-h\"><img decoding=\"async\" width=\"768\" height=\"398\" src=\"https:\/\/rubenagredanomd.com\/wp-content\/uploads\/2017\/10\/Caso-2.jpg\" class=\"attachment-large size-large\" alt=\"\" loading=\"lazy\" srcset=\"https:\/\/rubenagredanomd.com\/wp-content\/uploads\/2017\/10\/Caso-2.jpg 768w, https:\/\/rubenagredanomd.com\/wp-content\/uploads\/2017\/10\/Caso-2-300x155.jpg 300w\" sizes=\"auto, (max-width: 768px) 100vw, 768px\" \/><\/div><\/div><\/div><\/div><\/div><\/div><div class=\"w-separator size_custom\" style=\"height:40px\"><\/div><div class=\"g-cols wpb_row via_flex valign_top type_default stacking_default\"><div class=\"vc_col-sm-3 wpb_column vc_column_container\"><div class=\"vc_column-inner\"><div class=\"wpb_wrapper\"><div class=\"w-image align_none\"><div class=\"w-image-h\"><img decoding=\"async\" width=\"1024\" height=\"546\" src=\"https:\/\/rubenagredanomd.com\/wp-content\/uploads\/2017\/10\/Caso-1a-1024x546.jpg\" class=\"attachment-large size-large\" alt=\"\" loading=\"lazy\" srcset=\"https:\/\/rubenagredanomd.com\/wp-content\/uploads\/2017\/10\/Caso-1a-1024x546.jpg 1024w, https:\/\/rubenagredanomd.com\/wp-content\/uploads\/2017\/10\/Caso-1a-300x160.jpg 300w, https:\/\/rubenagredanomd.com\/wp-content\/uploads\/2017\/10\/Caso-1a-768x410.jpg 768w, https:\/\/rubenagredanomd.com\/wp-content\/uploads\/2017\/10\/Caso-1a.jpg 1087w\" sizes=\"auto, (max-width: 1024px) 100vw, 1024px\" \/><\/div><\/div><\/div><\/div><\/div><div class=\"vc_col-sm-3 wpb_column vc_column_container\"><div class=\"vc_column-inner\"><div class=\"wpb_wrapper\"><div class=\"w-image align_none\"><div class=\"w-image-h\"><img decoding=\"async\" class=\"g-placeholder\" src=\"https:\/\/rubenagredanomd.com\/wp-content\/plugins\/us-core\/assets\/images\/placeholder.svg\" width=\"1024\" height=\"1024\" alt><\/div><\/div><\/div><\/div><\/div><div class=\"vc_col-sm-3 wpb_column vc_column_container\"><div class=\"vc_column-inner\"><div class=\"wpb_wrapper\"><div class=\"w-image align_none\"><div class=\"w-image-h\"><img decoding=\"async\" class=\"g-placeholder\" src=\"https:\/\/rubenagredanomd.com\/wp-content\/plugins\/us-core\/assets\/images\/placeholder.svg\" width=\"1024\" height=\"1024\" alt><\/div><\/div><\/div><\/div><\/div><div class=\"vc_col-sm-3 wpb_column vc_column_container\"><div class=\"vc_column-inner\"><div class=\"wpb_wrapper\"><\/div><\/div><\/div><\/div><\/div><\/div><\/div><\/div><\/div><\/section><section class=\"l-section wpb_row height_medium\"><div class=\"l-section-overlay\" style=\"background:#cacfe9\"><\/div><div class=\"l-section-h i-cf\"><div class=\"g-cols vc_row via_flex valign_top type_default stacking_default\"><div class=\"vc_col-sm-6 wpb_column vc_column_container\"><div class=\"vc_column-inner\"><div class=\"wpb_wrapper\">[vc_custom_heading text=&#8221;Subscr\u00edbete y Recibe Promociones&#8221; font_container=&#8221;tag:h4|text_align:left|color:%23ffffff&#8221; google_fonts=&#8221;font_family:Open%20Sans%3A300%2C300italic%2Cregular%2Citalic%2C600%2C600italic%2C700%2C700italic%2C800%2C800italic|font_style:400%20regular%3A400%3Anormal&#8221; css=&#8221;%7B%22default%22%3A%7B%22color%22%3A%22%23ffffff%22%7D%7D&#8221;]<div class=\"wpb_text_column\"><div class=\"wpb_wrapper\"><p>[mc4wp_form id=&#8221;350&#8243;]<\/p>\n<\/div><\/div><\/div><\/div><\/div><div class=\"vc_col-sm-6 wpb_column vc_column_container\"><div class=\"vc_column-inner\"><div class=\"wpb_wrapper\">[vc_custom_heading text=&#8221;S\u00edgueme en las Redes Sociales&#8221; font_container=&#8221;tag:h4|text_align:left|color:%23ffffff&#8221; google_fonts=&#8221;font_family:Open%20Sans%3A300%2C300italic%2Cregular%2Citalic%2C600%2C600italic%2C700%2C700italic%2C800%2C800italic|font_style:400%20regular%3A400%3Anormal&#8221; css=&#8221;%7B%22default%22%3A%7B%22color%22%3A%22%23ffffff%22%7D%7D&#8221;]<div class=\"w-socials us_custom_e0fd27a2 color_text shape_rounded style_outlined hover_fade\"><div class=\"w-socials-list\"><div class=\"w-socials-item facebook\"><a target=\"_blank\" rel=\"nofollow noopener\" href=\"https:\/\/www.facebook.com\/RubenAgredanoJimenezMD\/\" class=\"w-socials-item-link\" aria-label=\"Facebook\"><span class=\"w-socials-item-link-hover\"><\/span><i class=\"fab fa-facebook\"><\/i><\/a><div class=\"w-socials-item-popup\"><span>Facebook<\/span><\/div><\/div><div class=\"w-socials-item twitter\"><a target=\"_blank\" rel=\"nofollow noopener\" href=\"https:\/\/twitter.com\/RubenAgreMD\" class=\"w-socials-item-link\" aria-label=\"X\"><span class=\"w-socials-item-link-hover\"><\/span><i class=\"fab fa-x-twitter\"><svg style=\"width:1em; margin-bottom:-.1em;\" xmlns=\"http:\/\/www.w3.org\/2000\/svg\" viewBox=\"0 0 512 512\" role=\"presentation\"><path fill=\"currentColor\" d=\"M389.2 48h70.6L305.6 224.2 487 464H345L233.7 318.6 106.5 464H35.8L200.7 275.5 26.8 48H172.4L272.9 180.9 389.2 48zM364.4 421.8h39.1L151.1 88h-42L364.4 421.8z\"\/><\/svg><\/i><\/a><div class=\"w-socials-item-popup\"><span>X<\/span><\/div><\/div><div class=\"w-socials-item google\"><a target=\"_blank\" rel=\"nofollow noopener\" href=\"https:\/\/plus.google.com\/u\/0\/109418495238956477274\" class=\"w-socials-item-link\" aria-label=\"Google\"><span class=\"w-socials-item-link-hover\"><\/span><i class=\"fab fa-google\"><\/i><\/a><div class=\"w-socials-item-popup\"><span>Google<\/span><\/div><\/div><div class=\"w-socials-item linkedin\"><a target=\"_blank\" rel=\"nofollow noopener\" href=\"https:\/\/www.linkedin.com\/in\/rub\u00e9n-agredano-jim\u00e9nez-md-9b45b8107\/\" class=\"w-socials-item-link\" aria-label=\"LinkedIn\"><span class=\"w-socials-item-link-hover\"><\/span><i class=\"fab fa-linkedin\"><\/i><\/a><div class=\"w-socials-item-popup\"><span>LinkedIn<\/span><\/div><\/div><div class=\"w-socials-item youtube\"><a target=\"_blank\" rel=\"nofollow noopener\" href=\"https:\/\/www.youtube.com\/channel\/UC-XQj5Qk7nIeCxmBUvRXepQ\" class=\"w-socials-item-link\" aria-label=\"YouTube\"><span class=\"w-socials-item-link-hover\"><\/span><i class=\"fab fa-youtube\"><\/i><\/a><div class=\"w-socials-item-popup\"><span>YouTube<\/span><\/div><\/div><div class=\"w-socials-item vimeo\"><a target=\"_blank\" rel=\"nofollow noopener\" href=\"https:\/\/vimeo.com\/rubenagremd\" class=\"w-socials-item-link\" aria-label=\"Vimeo\"><span class=\"w-socials-item-link-hover\"><\/span><i class=\"fab fa-vimeo-v\"><\/i><\/a><div class=\"w-socials-item-popup\"><span>Vimeo<\/span><\/div><\/div><div class=\"w-socials-item instagram\"><a target=\"_blank\" rel=\"nofollow noopener\" href=\"https:\/\/www.instagram.com\/rubenagremd\/\" class=\"w-socials-item-link\" aria-label=\"Instagram\"><span class=\"w-socials-item-link-hover\"><\/span><i class=\"fab fa-instagram\"><\/i><\/a><div class=\"w-socials-item-popup\"><span>Instagram<\/span><\/div><\/div><div class=\"w-socials-item pinterest\"><a target=\"_blank\" rel=\"nofollow noopener\" href=\"https:\/\/www.pinterest.com.mx\/RubenAgreMD\/\" class=\"w-socials-item-link\" aria-label=\"Pinterest\"><span class=\"w-socials-item-link-hover\"><\/span><i class=\"fab fa-pinterest\"><\/i><\/a><div class=\"w-socials-item-popup\"><span>Pinterest<\/span><\/div><\/div><\/div><\/div><\/div><\/div><\/div><\/div><\/div><\/section><!-- Row Backgrounds --><div class=\"upb_grad\" data-grad=\"background: -webkit-gradient(linear, left top, left bottom, color-stop(0%, #06A588));background: -moz-linear-gradient(top,#06A588 0%);background: -webkit-linear-gradient(top,#06A588 0%);background: -o-linear-gradient(top,#06A588 0%);background: -ms-linear-gradient(top,#06A588 0%);background: linear-gradient(top,#06A588 0%);\" data-bg-override=\"0\" data-upb-overlay-color=\"\" data-upb-bg-animation=\"\" data-fadeout=\"\" data-fadeout-percentage=\"30\" data-parallax-content=\"\" data-parallax-content-sense=\"30\" data-row-effect-mobile-disable=\"true\" data-img-parallax-mobile-disable=\"true\" data-rtl=\"false\"  data-custom-vc-row=\"\"  data-vc=\"8.7.2\"  data-is_old_vc=\"\"  data-theme-support=\"\"   data-overlay=\"false\" data-overlay-color=\"\" data-overlay-pattern=\"\" data-overlay-pattern-opacity=\"\" data-overlay-pattern-size=\"\"    ><\/div>\n","protected":false},"excerpt":{"rendered":"[rev_slider_vc alias=\"aumento-mamario-ingles\"][vc_custom_heading text=\"Breast Procedures\" font_container=\"tag:h4|text_align:left|color:%236a589b\" google_fonts=\"font_family:Open%20Sans%3A300%2C300italic%2Cregular%2Citalic%2C600%2C600italic%2C700%2C700italic%2C800%2C800italic|font_style:400%20regular%3A400%3Anormal\" css=\"%7B%22default%22%3A%7B%22color%22%3A%22%236a589b%22%7D%7D\"]Breast augmentationBreast liftBreast reductionNipple surgeryGynecomastia[vc_custom_heading text=\"Make an appointment\" font_container=\"tag:h4|text_align:left|color:%236a589b\" google_fonts=\"font_family:Open%20Sans%3A300%2C300italic%2Cregular%2Citalic%2C600%2C600italic%2C700%2C700italic%2C800%2C800italic|font_style:400%20regular%3A400%3Anormal\" css=\"%7B%22default%22%3A%7B%22color%22%3A%22%236a589b%22%7D%7D\"] Nombre* Tu correo electr\u00f3nico* Tu Celular o Whatsapp* Asunto Describe lo que est\u00e1s buscando Fecha tentativa de tu cirug\u00eda: 1 mes2 a 6 meses6 meses a 1 a\u00f1o *Campos requeridos BREAST AUGMENTATION is a surgical procedure intended to...","protected":false},"author":5,"featured_media":0,"parent":6396,"menu_order":0,"comment_status":"closed","ping_status":"closed","template":"","meta":{"_joinchat":[],"footnotes":""},"class_list":["post-6255","page","type-page","status-publish","hentry"],"_links":{"self":[{"href":"https:\/\/rubenagredanomd.com\/en\/wp-json\/wp\/v2\/pages\/6255","targetHints":{"allow":["GET"]}}],"collection":[{"href":"https:\/\/rubenagredanomd.com\/en\/wp-json\/wp\/v2\/pages"}],"about":[{"href":"https:\/\/rubenagredanomd.com\/en\/wp-json\/wp\/v2\/types\/page"}],"author":[{"embeddable":true,"href":"https:\/\/rubenagredanomd.com\/en\/wp-json\/wp\/v2\/users\/5"}],"replies":[{"embeddable":true,"href":"https:\/\/rubenagredanomd.com\/en\/wp-json\/wp\/v2\/comments?post=6255"}],"version-history":[{"count":16,"href":"https:\/\/rubenagredanomd.com\/en\/wp-json\/wp\/v2\/pages\/6255\/revisions"}],"predecessor-version":[{"id":9972,"href":"https:\/\/rubenagredanomd.com\/en\/wp-json\/wp\/v2\/pages\/6255\/revisions\/9972"}],"up":[{"embeddable":true,"href":"https:\/\/rubenagredanomd.com\/en\/wp-json\/wp\/v2\/pages\/6396"}],"wp:attachment":[{"href":"https:\/\/rubenagredanomd.com\/en\/wp-json\/wp\/v2\/media?parent=6255"}],"curies":[{"name":"wp","href":"https:\/\/api.w.org\/{rel}","templated":true}]}}